{"id":1078,"date":"2025-06-14T10:44:09","date_gmt":"2025-06-14T13:44:09","guid":{"rendered":"https:\/\/teorita.com.br\/site\/?page_id=1078"},"modified":"2025-06-18T14:57:33","modified_gmt":"2025-06-18T17:57:33","slug":"futuro-sustentavel","status":"publish","type":"page","link":"https:\/\/teorita.com.br\/site\/agronegocio\/futuro-sustentavel\/","title":{"rendered":"Futuro Sustent\u00e1vel"},"content":{"rendered":"\t\t<div data-elementor-type=\"wp-page\" data-elementor-id=\"1078\" class=\"elementor elementor-1078\" data-elementor-settings=\"{&quot;ha_cmc_init_switcher&quot;:&quot;no&quot;}\">\n\t\t\t\t\t\t<section class=\"elementor-section elementor-top-section elementor-element elementor-element-adda50c elementor-section-height-min-height elementor-section-content-bottom elementor-section-boxed elementor-section-height-default elementor-section-items-middle wpr-particle-no wpr-jarallax-no wpr-parallax-no wpr-sticky-section-no\" data-id=\"adda50c\" data-element_type=\"section\" data-settings=\"{&quot;background_background&quot;:&quot;classic&quot;,&quot;_ha_eqh_enable&quot;:false}\">\n\t\t\t\t\t\t\t<div class=\"elementor-background-overlay\"><\/div>\n\t\t\t\t\t\t\t<div class=\"elementor-container elementor-column-gap-default\">\n\t\t\t\t\t<div class=\"elementor-column elementor-col-100 elementor-top-column elementor-element elementor-element-d90e04d\" data-id=\"d90e04d\" data-element_type=\"column\">\n\t\t\t<div class=\"elementor-widget-wrap elementor-element-populated\">\n\t\t\t\t\t\t<div class=\"elementor-element elementor-element-2c49e4b elementor-widget__width-initial elementor-widget elementor-widget-ha-page-title happy-addon ha-page-title\" data-id=\"2c49e4b\" data-element_type=\"widget\" data-widget_type=\"ha-page-title.default\">\n\t\t\t\t<div class=\"elementor-widget-container\">\n\t\t\t\t\t<h2 class=\"ha-page-title elementor-size-default\">Futuro Sustent\u00e1vel<\/h2>\t\t\t\t<\/div>\n\t\t\t\t<\/div>\n\t\t\t\t\t<\/div>\n\t\t<\/div>\n\t\t\t\t\t<\/div>\n\t\t<\/section>\n\t\t\t\t<section class=\"elementor-section elementor-top-section elementor-element elementor-element-32f9d06 elementor-section-boxed elementor-section-height-default elementor-section-height-default wpr-particle-no wpr-jarallax-no wpr-parallax-no wpr-sticky-section-no\" data-id=\"32f9d06\" data-element_type=\"section\" data-settings=\"{&quot;_ha_eqh_enable&quot;:false}\">\n\t\t\t\t\t\t<div class=\"elementor-container elementor-column-gap-default\">\n\t\t\t\t\t<div class=\"elementor-column elementor-col-33 elementor-top-column elementor-element elementor-element-bf2b6a4\" data-id=\"bf2b6a4\" data-element_type=\"column\">\n\t\t\t<div class=\"elementor-widget-wrap elementor-element-populated\">\n\t\t\t\t\t\t<div class=\"elementor-element elementor-element-f33deaf elementor-widget elementor-widget-heading\" data-id=\"f33deaf\" data-element_type=\"widget\" data-widget_type=\"heading.default\">\n\t\t\t\t<div class=\"elementor-widget-container\">\n\t\t\t\t\t<h2 class=\"elementor-heading-title elementor-size-default\">Compromisso com a Terra e com as Pessoas<\/h2>\t\t\t\t<\/div>\n\t\t\t\t<\/div>\n\t\t\t\t<div class=\"elementor-element elementor-element-475b6c1 elementor-widget-divider--view-line elementor-widget elementor-widget-divider\" data-id=\"475b6c1\" data-element_type=\"widget\" data-widget_type=\"divider.default\">\n\t\t\t\t<div class=\"elementor-widget-container\">\n\t\t\t\t\t\t\t<div class=\"elementor-divider\">\n\t\t\t<span class=\"elementor-divider-separator\">\n\t\t\t\t\t\t<\/span>\n\t\t<\/div>\n\t\t\t\t\t\t<\/div>\n\t\t\t\t<\/div>\n\t\t\t\t<div class=\"elementor-element elementor-element-6d181fb elementor-widget elementor-widget-text-editor\" data-id=\"6d181fb\" data-element_type=\"widget\" data-widget_type=\"text-editor.default\">\n\t\t\t\t<div class=\"elementor-widget-container\">\n\t\t\t\t\t\t\t\t\t<p>No Grupo Teorita, sustentabilidade vai al\u00e9m da lavoura \u2014 \u00e9 parte da nossa ess\u00eancia.<br data-start=\"275\" data-end=\"278\" \/>Cada semente plantada carrega o cuidado com o solo, o uso consciente da \u00e1gua e o respeito ao meio ambiente.<br data-start=\"385\" data-end=\"388\" \/>Acreditamos que produzir com responsabilidade \u00e9 garantir o alimento de hoje sem comprometer o amanh\u00e3.<br data-start=\"489\" data-end=\"492\" \/>Esse compromisso tamb\u00e9m se estende \u00e0s pessoas: valorizamos quem cultiva com a gente, investimos em desenvolvimento humano e caminhamos lado a lado com a nossa comunidade.<br data-start=\"662\" data-end=\"665\" data-is-only-node=\"\" \/>\u00c9 assim que constru\u00edmos, todos os dias, um futuro mais justo, equilibrado e f\u00e9rtil.<\/p>\t\t\t\t\t\t\t\t<\/div>\n\t\t\t\t<\/div>\n\t\t\t\t\t<\/div>\n\t\t<\/div>\n\t\t\t\t<div class=\"elementor-column elementor-col-33 elementor-top-column elementor-element elementor-element-bd684b2\" data-id=\"bd684b2\" data-element_type=\"column\">\n\t\t\t<div class=\"elementor-widget-wrap elementor-element-populated\">\n\t\t\t\t\t\t<div class=\"elementor-element elementor-element-3f7139d elementor-widget elementor-widget-image\" data-id=\"3f7139d\" data-element_type=\"widget\" data-widget_type=\"image.default\">\n\t\t\t\t<div class=\"elementor-widget-container\">\n\t\t\t\t\t\t\t\t\t\t\t\t\t\t\t<img fetchpriority=\"high\" decoding=\"async\" width=\"768\" height=\"1024\" src=\"https:\/\/teorita.com.br\/site\/wp-content\/uploads\/2025\/06\/WhatsApp-Image-2025-05-19-at-12.47.25-2-768x1024.jpeg\" class=\"attachment-large size-large wp-image-1047\" alt=\"\" srcset=\"https:\/\/teorita.com.br\/site\/wp-content\/uploads\/2025\/06\/WhatsApp-Image-2025-05-19-at-12.47.25-2-768x1024.jpeg 768w, https:\/\/teorita.com.br\/site\/wp-content\/uploads\/2025\/06\/WhatsApp-Image-2025-05-19-at-12.47.25-2-225x300.jpeg 225w, https:\/\/teorita.com.br\/site\/wp-content\/uploads\/2025\/06\/WhatsApp-Image-2025-05-19-at-12.47.25-2-1152x1536.jpeg 1152w, https:\/\/teorita.com.br\/site\/wp-content\/uploads\/2025\/06\/WhatsApp-Image-2025-05-19-at-12.47.25-2.jpeg 1200w\" sizes=\"(max-width: 768px) 100vw, 768px\" \/>\t\t\t\t\t\t\t\t\t\t\t\t\t\t\t<\/div>\n\t\t\t\t<\/div>\n\t\t\t\t<div class=\"elementor-element elementor-element-f6d940e elementor-widget elementor-widget-image\" data-id=\"f6d940e\" data-element_type=\"widget\" data-widget_type=\"image.default\">\n\t\t\t\t<div class=\"elementor-widget-container\">\n\t\t\t\t\t\t\t\t\t\t\t\t\t\t\t<img decoding=\"async\" width=\"600\" height=\"400\" src=\"https:\/\/teorita.com.br\/site\/wp-content\/uploads\/2025\/06\/polinizacao.jpg\" class=\"attachment-large size-large wp-image-731\" alt=\"\" srcset=\"https:\/\/teorita.com.br\/site\/wp-content\/uploads\/2025\/06\/polinizacao.jpg 600w, https:\/\/teorita.com.br\/site\/wp-content\/uploads\/2025\/06\/polinizacao-300x200.jpg 300w\" sizes=\"(max-width: 600px) 100vw, 600px\" \/>\t\t\t\t\t\t\t\t\t\t\t\t\t\t\t<\/div>\n\t\t\t\t<\/div>\n\t\t\t\t\t<\/div>\n\t\t<\/div>\n\t\t\t\t<div class=\"elementor-column elementor-col-33 elementor-top-column elementor-element elementor-element-c8d9340\" data-id=\"c8d9340\" data-element_type=\"column\">\n\t\t\t<div class=\"elementor-widget-wrap elementor-element-populated\">\n\t\t\t\t\t\t<div class=\"elementor-element elementor-element-dd98e1c elementor-widget elementor-widget-image\" data-id=\"dd98e1c\" data-element_type=\"widget\" data-widget_type=\"image.default\">\n\t\t\t\t<div class=\"elementor-widget-container\">\n\t\t\t\t\t\t\t\t\t\t\t\t\t\t\t<img decoding=\"async\" width=\"800\" height=\"523\" src=\"https:\/\/teorita.com.br\/site\/wp-content\/uploads\/2025\/06\/cafe_teorita1-1024x669.jpg\" class=\"attachment-large size-large wp-image-1274\" alt=\"\" srcset=\"https:\/\/teorita.com.br\/site\/wp-content\/uploads\/2025\/06\/cafe_teorita1-1024x669.jpg 1024w, https:\/\/teorita.com.br\/site\/wp-content\/uploads\/2025\/06\/cafe_teorita1-300x196.jpg 300w, https:\/\/teorita.com.br\/site\/wp-content\/uploads\/2025\/06\/cafe_teorita1-768x502.jpg 768w, https:\/\/teorita.com.br\/site\/wp-content\/uploads\/2025\/06\/cafe_teorita1.jpg 1050w\" sizes=\"(max-width: 800px) 100vw, 800px\" \/>\t\t\t\t\t\t\t\t\t\t\t\t\t\t\t<\/div>\n\t\t\t\t<\/div>\n\t\t\t\t<div class=\"elementor-element elementor-element-0a01743 elementor-widget elementor-widget-image\" data-id=\"0a01743\" data-element_type=\"widget\" data-widget_type=\"image.default\">\n\t\t\t\t<div class=\"elementor-widget-container\">\n\t\t\t\t\t\t\t\t\t\t\t\t\t\t\t<img loading=\"lazy\" decoding=\"async\" width=\"379\" height=\"391\" src=\"https:\/\/teorita.com.br\/site\/wp-content\/uploads\/2025\/06\/pessoas_teorita1.jpg\" class=\"attachment-large size-large wp-image-1339\" alt=\"\" srcset=\"https:\/\/teorita.com.br\/site\/wp-content\/uploads\/2025\/06\/pessoas_teorita1.jpg 379w, https:\/\/teorita.com.br\/site\/wp-content\/uploads\/2025\/06\/pessoas_teorita1-291x300.jpg 291w\" sizes=\"(max-width: 379px) 100vw, 379px\" \/>\t\t\t\t\t\t\t\t\t\t\t\t\t\t\t<\/div>\n\t\t\t\t<\/div>\n\t\t\t\t\t<\/div>\n\t\t<\/div>\n\t\t\t\t\t<\/div>\n\t\t<\/section>\n\t\t\t\t<section class=\"elementor-section elementor-top-section elementor-element elementor-element-0762ad1 elementor-section-height-full elementor-section-boxed elementor-section-height-default elementor-section-items-middle wpr-particle-no wpr-jarallax-no wpr-parallax-no wpr-sticky-section-no\" data-id=\"0762ad1\" data-element_type=\"section\" data-settings=\"{&quot;background_background&quot;:&quot;classic&quot;,&quot;_ha_eqh_enable&quot;:false}\">\n\t\t\t\t\t\t\t<div class=\"elementor-background-overlay\"><\/div>\n\t\t\t\t\t\t\t<div class=\"elementor-container elementor-column-gap-default\">\n\t\t\t\t\t<div class=\"elementor-column elementor-col-50 elementor-top-column elementor-element elementor-element-af1e0fd\" data-id=\"af1e0fd\" data-element_type=\"column\" data-settings=\"{&quot;background_background&quot;:&quot;classic&quot;}\">\n\t\t\t<div class=\"elementor-widget-wrap elementor-element-populated\">\n\t\t\t\t\t\t<div class=\"elementor-element elementor-element-51421bf elementor-widget elementor-widget-heading\" data-id=\"51421bf\" data-element_type=\"widget\" data-widget_type=\"heading.default\">\n\t\t\t\t<div class=\"elementor-widget-container\">\n\t\t\t\t\t<h2 class=\"elementor-heading-title elementor-size-default\">Sustentabilidade no Campo<\/h2>\t\t\t\t<\/div>\n\t\t\t\t<\/div>\n\t\t\t\t<div class=\"elementor-element elementor-element-ab9690a elementor-widget elementor-widget-heading\" data-id=\"ab9690a\" data-element_type=\"widget\" data-widget_type=\"heading.default\">\n\t\t\t\t<div class=\"elementor-widget-container\">\n\t\t\t\t\t<h2 class=\"elementor-heading-title elementor-size-default\">Cultivar o presente com os olhos no futuro<\/h2>\t\t\t\t<\/div>\n\t\t\t\t<\/div>\n\t\t\t\t<div class=\"elementor-element elementor-element-9b6734c elementor-widget elementor-widget-text-editor\" data-id=\"9b6734c\" data-element_type=\"widget\" data-widget_type=\"text-editor.default\">\n\t\t\t\t<div class=\"elementor-widget-container\">\n\t\t\t\t\t\t\t\t\t<p data-start=\"306\" data-end=\"649\">No Grupo Teorita, cada escolha no campo \u00e9 feita com responsabilidade.<br data-start=\"1167\" data-end=\"1170\" \/>Usamos t\u00e9cnicas de plantio consciente, irriga\u00e7\u00e3o eficiente, rotatividade de culturas e controle sustent\u00e1vel de pragas. Tamb\u00e9m nos preocupamos com a conserva\u00e7\u00e3o do solo, da \u00e1gua e da biodiversidade.<br data-start=\"1367\" data-end=\"1370\" \/>Tudo isso para garantir uma produ\u00e7\u00e3o que respeita a natureza e sustenta gera\u00e7\u00f5es futuras.<\/p>\t\t\t\t\t\t\t\t<\/div>\n\t\t\t\t<\/div>\n\t\t\t\t\t<\/div>\n\t\t<\/div>\n\t\t\t\t<div class=\"elementor-column elementor-col-50 elementor-top-column elementor-element elementor-element-2534836\" data-id=\"2534836\" data-element_type=\"column\">\n\t\t\t<div class=\"elementor-widget-wrap\">\n\t\t\t\t\t\t\t<\/div>\n\t\t<\/div>\n\t\t\t\t\t<\/div>\n\t\t<\/section>\n\t\t\t\t<section class=\"elementor-section elementor-top-section elementor-element elementor-element-386ea0f elementor-section-content-middle elementor-section-boxed elementor-section-height-default elementor-section-height-default wpr-particle-no wpr-jarallax-no wpr-parallax-no wpr-sticky-section-no\" data-id=\"386ea0f\" data-element_type=\"section\" data-settings=\"{&quot;background_background&quot;:&quot;classic&quot;,&quot;_ha_eqh_enable&quot;:false}\">\n\t\t\t\t\t\t<div class=\"elementor-container elementor-column-gap-default\">\n\t\t\t\t\t<div class=\"elementor-column elementor-col-50 elementor-top-column elementor-element elementor-element-3cf050f\" data-id=\"3cf050f\" data-element_type=\"column\">\n\t\t\t<div class=\"elementor-widget-wrap elementor-element-populated\">\n\t\t\t\t\t\t<div class=\"elementor-element elementor-element-6145f0c elementor-widget elementor-widget-heading\" data-id=\"6145f0c\" data-element_type=\"widget\" data-widget_type=\"heading.default\">\n\t\t\t\t<div class=\"elementor-widget-container\">\n\t\t\t\t\t<h2 class=\"elementor-heading-title elementor-size-default\">A Jornada da Nossa Melancia do Plantio a sua mesa.<\/h2>\t\t\t\t<\/div>\n\t\t\t\t<\/div>\n\t\t\t\t<div class=\"elementor-element elementor-element-947f179 elementor-widget elementor-widget-text-editor\" data-id=\"947f179\" data-element_type=\"widget\" data-widget_type=\"text-editor.default\">\n\t\t\t\t<div class=\"elementor-widget-container\">\n\t\t\t\t\t\t\t\t\t<p>colheita. Neste v\u00eddeo, voc\u00ea vai conhecer a estrutura, os cuidados e a dedica\u00e7\u00e3o por tr\u00e1s da fruta que \u00e9 s\u00edmbolo do Grupo Teorita. Um cultivo que une tecnologia, responsabilidade ambiental e tradi\u00e7\u00e3o no campo para entregar ao mercado uma melancia fresca, saborosa e naturalmente doce.<br data-start=\"626\" data-end=\"629\" \/>Essa \u00e9 a jornada da nossa melancia. Essa \u00e9 a for\u00e7a da Teorita no agro.<\/p>\t\t\t\t\t\t\t\t<\/div>\n\t\t\t\t<\/div>\n\t\t\t\t\t<\/div>\n\t\t<\/div>\n\t\t\t\t<div class=\"elementor-column elementor-col-50 elementor-top-column elementor-element elementor-element-828c9ce\" data-id=\"828c9ce\" data-element_type=\"column\">\n\t\t\t<div class=\"elementor-widget-wrap elementor-element-populated\">\n\t\t\t\t\t\t<div class=\"elementor-element elementor-element-4d5882b elementor-widget elementor-widget-video\" data-id=\"4d5882b\" data-element_type=\"widget\" data-settings=\"{&quot;video_type&quot;:&quot;hosted&quot;,&quot;controls&quot;:&quot;yes&quot;}\" data-widget_type=\"video.default\">\n\t\t\t\t<div class=\"elementor-widget-container\">\n\t\t\t\t\t\t\t<div class=\"e-hosted-video elementor-wrapper elementor-open-inline\">\n\t\t\t\t\t<video class=\"elementor-video\" src=\"https:\/\/teorita.com.br\/videos\/maiores_por_melancia.mp4\" controls=\"\" preload=\"metadata\" controlsList=\"nodownload\"><\/video>\n\t\t\t\t<\/div>\n\t\t\t\t\t\t<\/div>\n\t\t\t\t<\/div>\n\t\t\t\t\t<\/div>\n\t\t<\/div>\n\t\t\t\t\t<\/div>\n\t\t<\/section>\n\t\t\t\t<section class=\"elementor-section elementor-top-section elementor-element elementor-element-925e8cb elementor-section-content-middle envato-kit-141-top-0 elementor-section-boxed elementor-section-height-default elementor-section-height-default wpr-particle-no wpr-jarallax-no wpr-parallax-no wpr-sticky-section-no\" data-id=\"925e8cb\" data-element_type=\"section\" data-settings=\"{&quot;background_background&quot;:&quot;classic&quot;,&quot;_ha_eqh_enable&quot;:false}\">\n\t\t\t\t\t\t\t<div class=\"elementor-background-overlay\"><\/div>\n\t\t\t\t\t\t\t<div class=\"elementor-container elementor-column-gap-wide\">\n\t\t\t\t\t<div class=\"elementor-column elementor-col-100 elementor-top-column elementor-element elementor-element-a9b7b07\" data-id=\"a9b7b07\" data-element_type=\"column\">\n\t\t\t<div class=\"elementor-widget-wrap elementor-element-populated\">\n\t\t\t\t\t\t<div class=\"elementor-element elementor-element-e8d66da elementor-invisible elementor-widget elementor-widget-heading\" data-id=\"e8d66da\" data-element_type=\"widget\" data-settings=\"{&quot;_animation&quot;:&quot;fadeIn&quot;,&quot;_animation_delay&quot;:50}\" data-widget_type=\"heading.default\">\n\t\t\t\t<div class=\"elementor-widget-container\">\n\t\t\t\t\t<h2 class=\"elementor-heading-title elementor-size-default\">Desenvolvimento de Pessoas<\/h2>\t\t\t\t<\/div>\n\t\t\t\t<\/div>\n\t\t\t\t<div class=\"elementor-element elementor-element-7e3ccc7 elementor-invisible elementor-widget elementor-widget-heading\" data-id=\"7e3ccc7\" data-element_type=\"widget\" data-settings=\"{&quot;_animation&quot;:&quot;fadeIn&quot;,&quot;_animation_delay&quot;:100}\" data-widget_type=\"heading.default\">\n\t\t\t\t<div class=\"elementor-widget-container\">\n\t\t\t\t\t<h2 class=\"elementor-heading-title elementor-size-default\">Nossa for\u00e7a est\u00e1 em quem planta com a gente<\/h2>\t\t\t\t<\/div>\n\t\t\t\t<\/div>\n\t\t\t\t<div class=\"elementor-element elementor-element-8702a22 elementor-widget-divider--view-line elementor-invisible elementor-widget elementor-widget-divider\" data-id=\"8702a22\" data-element_type=\"widget\" data-settings=\"{&quot;_animation&quot;:&quot;fadeIn&quot;,&quot;_animation_delay&quot;:300}\" data-widget_type=\"divider.default\">\n\t\t\t\t<div class=\"elementor-widget-container\">\n\t\t\t\t\t\t\t<div class=\"elementor-divider\">\n\t\t\t<span class=\"elementor-divider-separator\">\n\t\t\t\t\t\t<\/span>\n\t\t<\/div>\n\t\t\t\t\t\t<\/div>\n\t\t\t\t<\/div>\n\t\t\t\t<div class=\"elementor-element elementor-element-073b07f elementor-invisible elementor-widget elementor-widget-heading\" data-id=\"073b07f\" data-element_type=\"widget\" data-settings=\"{&quot;_animation&quot;:&quot;fadeIn&quot;,&quot;_animation_delay&quot;:150}\" data-widget_type=\"heading.default\">\n\t\t\t\t<div class=\"elementor-widget-container\">\n\t\t\t\t\t<h2 class=\"elementor-heading-title elementor-size-default\">Valorizamos quem faz parte da nossa hist\u00f3ria no campo. Investimos na capacita\u00e7\u00e3o da equipe, em seguran\u00e7a no trabalho, bem-estar e qualidade de vida.\nAcreditamos que o agro s\u00f3 \u00e9 forte quando as pessoas crescem junto com a terra que cultivam.<\/h2>\t\t\t\t<\/div>\n\t\t\t\t<\/div>\n\t\t\t\t\t<\/div>\n\t\t<\/div>\n\t\t\t\t\t<\/div>\n\t\t<\/section>\n\t\t\t\t<\/div>\n\t\t","protected":false},"excerpt":{"rendered":"<p>Futuro Sustent\u00e1vel Compromisso com a Terra e com as Pessoas No Grupo Teorita, sustentabilidade vai al\u00e9m da lavoura \u2014 \u00e9 parte da nossa ess\u00eancia.Cada semente plantada carrega o cuidado com o solo, o uso consciente da \u00e1gua e o respeito ao meio ambiente.Acreditamos que produzir com responsabilidade \u00e9 garantir o alimento de hoje sem comprometer o amanh\u00e3.Esse compromisso tamb\u00e9m se estende \u00e0s pessoas: valorizamos quem cultiva com a gente, investimos em desenvolvimento humano e caminhamos lado a lado com a nossa comunidade.\u00c9 assim que constru\u00edmos, todos os dias, um futuro mais justo, equilibrado e f\u00e9rtil. Sustentabilidade no Campo Cultivar o presente com os olhos no futuro No Grupo Teorita, cada escolha no campo \u00e9 feita com responsabilidade.Usamos t\u00e9cnicas de plantio consciente, irriga\u00e7\u00e3o eficiente, rotatividade de culturas e controle sustent\u00e1vel de pragas. Tamb\u00e9m nos preocupamos com a conserva\u00e7\u00e3o do solo, da \u00e1gua e da biodiversidade.Tudo isso para garantir uma produ\u00e7\u00e3o que respeita a natureza e sustenta gera\u00e7\u00f5es futuras. A Jornada da Nossa Melancia do Plantio a sua mesa. colheita. Neste v\u00eddeo, voc\u00ea vai conhecer a estrutura, os cuidados e a dedica\u00e7\u00e3o por tr\u00e1s da fruta que \u00e9 s\u00edmbolo do Grupo Teorita. Um cultivo que une tecnologia, responsabilidade ambiental e tradi\u00e7\u00e3o no campo para entregar ao mercado uma melancia fresca, saborosa e naturalmente doce.Essa \u00e9 a jornada da nossa melancia. Essa \u00e9 a for\u00e7a da Teorita no agro. https:\/\/teorita.com.br\/videos\/maiores_por_melancia.mp4 Desenvolvimento de Pessoas Nossa for\u00e7a est\u00e1 em quem planta com a gente Valorizamos quem faz parte da nossa hist\u00f3ria no campo. Investimos na capacita\u00e7\u00e3o da equipe, em seguran\u00e7a no trabalho, bem-estar e qualidade de vida. Acreditamos que o agro s\u00f3 \u00e9 forte quando as pessoas crescem junto com a terra que cultivam.<\/p>\n","protected":false},"author":1,"featured_media":0,"parent":34,"menu_order":0,"comment_status":"closed","ping_status":"closed","template":"elementor_header_footer","meta":{"footnotes":""},"class_list":["post-1078","page","type-page","status-publish","hentry"],"_links":{"self":[{"href":"https:\/\/teorita.com.br\/site\/wp-json\/wp\/v2\/pages\/1078","targetHints":{"allow":["GET"]}}],"collection":[{"href":"https:\/\/teorita.com.br\/site\/wp-json\/wp\/v2\/pages"}],"about":[{"href":"https:\/\/teorita.com.br\/site\/wp-json\/wp\/v2\/types\/page"}],"author":[{"embeddable":true,"href":"https:\/\/teorita.com.br\/site\/wp-json\/wp\/v2\/users\/1"}],"replies":[{"embeddable":true,"href":"https:\/\/teorita.com.br\/site\/wp-json\/wp\/v2\/comments?post=1078"}],"version-history":[{"count":11,"href":"https:\/\/teorita.com.br\/site\/wp-json\/wp\/v2\/pages\/1078\/revisions"}],"predecessor-version":[{"id":1644,"href":"https:\/\/teorita.com.br\/site\/wp-json\/wp\/v2\/pages\/1078\/revisions\/1644"}],"up":[{"embeddable":true,"href":"https:\/\/teorita.com.br\/site\/wp-json\/wp\/v2\/pages\/34"}],"wp:attachment":[{"href":"https:\/\/teorita.com.br\/site\/wp-json\/wp\/v2\/media?parent=1078"}],"curies":[{"name":"wp","href":"https:\/\/api.w.org\/{rel}","templated":true}]}}